{"id":649,"date":"2020-07-06T10:54:25","date_gmt":"2020-07-06T08:54:25","guid":{"rendered":"https:\/\/bronzo.es\/?page_id=649"},"modified":"2026-02-26T11:47:17","modified_gmt":"2026-02-26T09:47:17","slug":"born","status":"publish","type":"page","link":"https:\/\/bronzo.es\/ca\/born","title":{"rendered":"Born"},"content":{"rendered":"<p>[vc_section full_width=&#8221;stretch_row_content&#8221; full_height=&#8221;yes&#8221; content_placement=&#8221;middle&#8221; css_animation=&#8221;fadeIn&#8221; css=&#8221;.vc_custom_1595267377663{background-image: url(https:\/\/bronzo.es\/wp-content\/uploads\/2020\/07\/bronzo-born-hero_ok.jpg?id=793) !important;background-position: center !important;background-repeat: no-repeat !important;background-size: cover !important;}&#8221; el_id=&#8221;ws-hero-image&#8221;][vc_row full_height=&#8221;yes&#8221; content_placement=&#8221;middle&#8221; css=&#8221;.vc_custom_1587138266652{background-color: rgba(0,0,0,0.3) !important;*background-color: rgb(0,0,0) !important;}&#8221;][vc_column el_class=&#8221;ws-100vh&#8221;]<div class=\"ws-heading text-center ws-heading-light\"><h1>Born<\/h1><\/div><div class=\"custom-button text-center ws-button-light\"><a href=\"#ws-about-section\" target=\"_self\" class=\"btn \">Veure m\u00e9s<\/a><\/div>[\/vc_column][\/vc_row][\/vc_section][vc_row el_id=&#8221;ws-about-section&#8221; css=&#8221;.vc_custom_1526906157336{padding-top: 100px !important;padding-bottom: 120px !important;}&#8221;][vc_column width=&#8221;2\/3&#8243; offset=&#8221;vc_col-lg-offset-2 vc_col-md-offset-2 vc_col-sm-offset-2&#8243;]<hr class=\"ws-vertical-line \">[vc_empty_space height=&#8221;30px&#8221;][vc_column_text el_class=&#8221;ws-text-block&#8221;]<\/p>\n<p style=\"text-align: center;\">BRONZO \u00e9s un bacaro. Una taverna veneciana on compartir platets de gastronomia italiana de veritat. Al costat del Mercat del Born, en una antiga botiga de salaons, aquest restaurant humil ofereix una carta de producte de temporada, \u201cpizzette\u201d fetes al forn de pedra i pastes fresques fetes a casa. Tamb\u00e9 pots prendre un spritz o una copa de vi itali\u00e0 a la zona de bar, o provar una gran varietat de formatges i embotits de la Salumeria.<\/p>\n<p>[\/vc_column_text][vc_empty_space height=&#8221;30px&#8221;]<div class=\"custom-button text-center ws-button-dark\"><a href=\"\/ca\/born\/venecia\/\" target=\"_self\" class=\"btn \">Descubreix Ven\u00e8cia<\/a><\/div>[\/vc_column][\/vc_row][vc_row full_width=&#8221;stretch_row_content_no_spaces&#8221;][vc_column][vc_column_text]<\/p>\n<div><\/div>\n<p>[\/vc_column_text][\/vc_column][\/vc_row][vc_row el_id=&#8221;ws-offers-section&#8221; css=&#8221;.vc_custom_1526906166238{padding-top: 100px !important;}&#8221;][vc_column][vc_row_inner][vc_column_inner width=&#8221;2\/3&#8243; offset=&#8221;vc_col-lg-offset-2 vc_col-md-offset-2 vc_col-sm-offset-2&#8243;]<div class=\"ws-heading text-center ws-heading-dark\"><h6>LA NOSTRA CARTA D'ESTIU<\/h6><\/div>[vc_empty_space height=&#8221;30px&#8221;][vc_column_text el_class=&#8221;ws-text-block&#8221;]<\/p>\n<p style=\"text-align: center;\">Per la nostra carta nom\u00e9s utilitzem productes frescos de temporada, de petits productors, tant locals com de diferents regions italianes. Les nostres receptes es basen en la gastronomia tradicional del nord d\u2019It\u00e0lia, on el producte \u00e9s el protagonista i les elaboracions s\u00f3n nom\u00e9s les justes per real\u00e7ar les seves qualitats.<\/p>\n<p>[\/vc_column_text][\/vc_column_inner][\/vc_row_inner][vc_empty_space height=&#8221;50px&#8221;][\/vc_column][\/vc_row][vc_row css=&#8221;.vc_custom_1526972973039{padding-bottom: 100px !important;}&#8221;][vc_column css_animation=&#8221;none&#8221; width=&#8221;1\/3&#8243;]<div class=\"ws-menu-offer-item\"><figure><a title=\"\" href=\"https:\/\/bronzo.es\/wp-content\/uploads\/2026\/01\/BRONZO-Carta-Hivern-2026-CAT.pdf\" target=\" _blank\"><img decoding=\"async\" class=\"img-fluid\" src=\"https:\/\/bronzo.es\/wp-content\/uploads\/2023\/08\/carta-scaled.jpeg\" alt\/><div class=\"ws-caption\"><h3>Carta<\/h3><div class=\"ws-separator\"><\/div><\/div><\/a><\/figure><\/div>[\/vc_column][vc_column css_animation=&#8221;none&#8221; width=&#8221;1\/3&#8243;]<div class=\"ws-menu-offer-item\"><figure><a title=\"\" href=\"https:\/\/bronzo.es\/wp-content\/uploads\/2025\/05\/Carta-Vinos-Bronzo-2025-2.pdf\" target=\" _blank\"><img decoding=\"async\" class=\"img-fluid\" src=\"https:\/\/bronzo.es\/wp-content\/uploads\/2020\/06\/bronzo-eixample_carta-vinos.jpg\" alt\/><div class=\"ws-caption\"><h3>Vins<\/h3><div class=\"ws-separator\"><\/div><\/div><\/a><\/figure><\/div>[\/vc_column][vc_column css_animation=&#8221;none&#8221; width=&#8221;1\/3&#8243;]<div class=\"ws-menu-offer-item\"><figure><a title=\"\" href=\"https:\/\/bronzo.es\/wp-content\/uploads\/2026\/02\/BRONZO-Menus-Standard-2026-CAT.pdf\" target=\" _blank\"><img decoding=\"async\" class=\"img-fluid\" src=\"https:\/\/bronzo.es\/wp-content\/uploads\/2020\/06\/bronzo-eixample_carta-grupos.jpg\" alt\/><div class=\"ws-caption\"><h3>Men\u00fa grups<\/h3><div class=\"ws-separator\"><\/div><\/div><\/a><\/figure><\/div>[\/vc_column][\/vc_row][vc_section full_width=&#8221;stretch_row_content&#8221; content_placement=&#8221;middle&#8221; parallax=&#8221;content-moving&#8221; parallax_image=&#8221;811&#8243; el_id=&#8221;ws-parallax-section&#8221;][vc_row full_width=&#8221;stretch_row_content_no_spaces&#8221; content_placement=&#8221;middle&#8221; css=&#8221;.vc_custom_1526906175611{padding-top: 200px !important;padding-bottom: 200px !important;background-color: rgba(0,0,0,0.2) !important;*background-color: rgb(0,0,0) !important;}&#8221;][vc_column]<div class=\"ws-heading text-center ws-heading-light\"><h1>RESERVA LA TEVA TAULA<\/h1><\/div>[vc_empty_space height=&#8221;20px&#8221;]<div class=\"ws-heading text-center ws-heading-light\"><h6>GAUDEIX DE LA GASTRONOMIA TRADICIONAL DEL NORD D'ITALIA<\/h6><\/div>[vc_empty_space height=&#8221;40px&#8221;]<div class=\"custom-button text-center ws-button-light\"><a href=\"\/ca\/born\/reserva\/\" target=\"_self\" class=\"btn \">Reservar Online<\/a><\/div>[\/vc_column][\/vc_row][\/vc_section][vc_column][\/vc_column]<\/p>\n","protected":false},"excerpt":{"rendered":"<p>[vc_section full_width=&#8221;stretch_row_content&#8221; full_height=&#8221;yes&#8221; content_placement=&#8221;middle&#8221; css_animation=&#8221;fadeIn&#8221; css=&#8221;.vc_custom_1595267377663{background-image: url(https:\/\/bronzo.es\/wp-content\/uploads\/2020\/07\/bronzo-born-hero_ok.jpg?id=793) !important;background-position: center !important;background-repeat: no-repeat !important;background-size: cover !important;}&#8221; el_id=&#8221;ws-hero-image&#8221;][vc_row full_height=&#8221;yes&#8221; content_placement=&#8221;middle&#8221; css=&#8221;.vc_custom_1587138266652{background-color: rgba(0,0,0,0.3) !important;*background-color: rgb(0,0,0) !important;}&#8221;][vc_column el_class=&#8221;ws-100vh&#8221;][\/vc_column][\/vc_row][\/vc_section][vc_row el_id=&#8221;ws-about-section&#8221; css=&#8221;.vc_custom_1526906157336{padding-top: 100px !important;padding-bottom: 120px !important;}&#8221;][vc_column width=&#8221;2\/3&#8243; offset=&#8221;vc_col-lg-offset-2 vc_col-md-offset-2 vc_col-sm-offset-2&#8243;][vc_empty_space height=&#8221;30px&#8221;][vc_column_text el_class=&#8221;ws-text-block&#8221;] BRONZO \u00e9s un bacaro. Una taverna veneciana on compartir platets de gastronomia italiana de veritat. Al costat del Mercat del [&hellip;]<\/p>\n","protected":false},"author":1,"featured_media":0,"parent":0,"menu_order":0,"comment_status":"closed","ping_status":"closed","template":"template-page.php","meta":{"footnotes":""},"class_list":["post-649","page","type-page","status-publish","hentry"],"_links":{"self":[{"href":"https:\/\/bronzo.es\/ca\/wp-json\/wp\/v2\/pages\/649","targetHints":{"allow":["GET"]}}],"collection":[{"href":"https:\/\/bronzo.es\/ca\/wp-json\/wp\/v2\/pages"}],"about":[{"href":"https:\/\/bronzo.es\/ca\/wp-json\/wp\/v2\/types\/page"}],"author":[{"embeddable":true,"href":"https:\/\/bronzo.es\/ca\/wp-json\/wp\/v2\/users\/1"}],"replies":[{"embeddable":true,"href":"https:\/\/bronzo.es\/ca\/wp-json\/wp\/v2\/comments?post=649"}],"version-history":[{"count":69,"href":"https:\/\/bronzo.es\/ca\/wp-json\/wp\/v2\/pages\/649\/revisions"}],"predecessor-version":[{"id":6872,"href":"https:\/\/bronzo.es\/ca\/wp-json\/wp\/v2\/pages\/649\/revisions\/6872"}],"wp:attachment":[{"href":"https:\/\/bronzo.es\/ca\/wp-json\/wp\/v2\/media?parent=649"}],"curies":[{"name":"wp","href":"https:\/\/api.w.org\/{rel}","templated":true}]}}