{"id":587,"date":"2020-06-14T07:50:57","date_gmt":"2020-06-14T05:50:57","guid":{"rendered":"https:\/\/bronzo.es\/politica-de-privacitat"},"modified":"2022-04-22T11:46:24","modified_gmt":"2022-04-22T09:46:24","slug":"politica-de-privacitat","status":"publish","type":"page","link":"https:\/\/bronzo.es\/ca\/politica-de-privacitat","title":{"rendered":"Pol\u00edtica de privacitat"},"content":{"rendered":"<p>[vc_row][vc_column][vc_column_text]<\/p>\n<ul>\n<li>\n<h2><a href=\"https:\/\/bronzo.es\/wp-content\/uploads\/2020\/06\/aviso-legal.pdf\">Av\u00eds legal<\/a><\/h2>\n<\/li>\n<li>\n<h2><a href=\"https:\/\/bronzo.es\/wp-content\/uploads\/2020\/06\/politica-privacidad.pdf\">Pol\u00edtica de privacitai i cookies<\/a><\/h2>\n<\/li>\n<li>\n<h2><a href=\"https:\/\/bronzo.es\/wp-content\/uploads\/2020\/06\/privacidad-redes-sociales.pdf\">Pol\u00edtica de privacitat xarxes socials<\/a><\/h2>\n<\/li>\n<li>\n<h2><a href=\"https:\/\/bronzo.es\/wp-content\/uploads\/2022\/04\/CONDICIONS-DE-LA-RESERVA.pdf\" target=\"_blank\" rel=\"noopener\">Condisions de la Reserva<\/a><\/h2>\n<\/li>\n<\/ul>\n<p>[\/vc_column_text][\/vc_column][\/vc_row]<\/p>\n","protected":false},"excerpt":{"rendered":"<p>[vc_row][vc_column][vc_column_text] Av\u00eds legal Pol\u00edtica de privacitai i cookies Pol\u00edtica de privacitat xarxes socials Condisions de la Reserva [\/vc_column_text][\/vc_column][\/vc_row]<\/p>\n","protected":false},"author":1,"featured_media":0,"parent":0,"menu_order":0,"comment_status":"closed","ping_status":"open","template":"","meta":{"footnotes":""},"class_list":["post-587","page","type-page","status-publish","hentry"],"_links":{"self":[{"href":"https:\/\/bronzo.es\/ca\/wp-json\/wp\/v2\/pages\/587","targetHints":{"allow":["GET"]}}],"collection":[{"href":"https:\/\/bronzo.es\/ca\/wp-json\/wp\/v2\/pages"}],"about":[{"href":"https:\/\/bronzo.es\/ca\/wp-json\/wp\/v2\/types\/page"}],"author":[{"embeddable":true,"href":"https:\/\/bronzo.es\/ca\/wp-json\/wp\/v2\/users\/1"}],"replies":[{"embeddable":true,"href":"https:\/\/bronzo.es\/ca\/wp-json\/wp\/v2\/comments?post=587"}],"version-history":[{"count":3,"href":"https:\/\/bronzo.es\/ca\/wp-json\/wp\/v2\/pages\/587\/revisions"}],"predecessor-version":[{"id":3251,"href":"https:\/\/bronzo.es\/ca\/wp-json\/wp\/v2\/pages\/587\/revisions\/3251"}],"wp:attachment":[{"href":"https:\/\/bronzo.es\/ca\/wp-json\/wp\/v2\/media?parent=587"}],"curies":[{"name":"wp","href":"https:\/\/api.w.org\/{rel}","templated":true}]}}