{"id":543,"date":"2020-06-14T06:53:47","date_gmt":"2020-06-14T04:53:47","guid":{"rendered":"https:\/\/bronzo.es\/?page_id=543"},"modified":"2020-07-06T13:30:10","modified_gmt":"2020-07-06T11:30:10","slug":"venecia","status":"publish","type":"page","link":"https:\/\/bronzo.es\/ca\/eixample\/venecia","title":{"rendered":"Ven\u00e8cia"},"content":{"rendered":"<p>[vc_row full_width=&#8221;stretch_row_content_no_spaces&#8221; content_placement=&#8221;middle&#8221; el_class=&#8221;ws-container-fluid&#8221;][vc_column width=&#8221;7\/12&#8243;][vc_single_image image=&#8221;482&#8243; img_size=&#8221;full&#8221;][\/vc_column][vc_column width=&#8221;5\/12&#8243; offset=&#8221;vc_col-lg-offset-0 vc_col-md-offset-0 vc_col-sm-offset-0&#8243; css=&#8221;.vc_custom_1526911440172{padding-left: 60px !important;}&#8221;][vc_empty_space height=&#8221;30px&#8221;][vc_column_text el_class=&#8221;ws-text-block&#8221;]El nostre amor per Ven\u00e8cia va comen\u00e7ar ja fa uns quants anys quan, de for\u00e7a joves, vam visitar la ciutat per primera vegada. All\u00e0, de seguida, ens vam adonar que era especial.<\/p>\n<p>Realment ens agraden moltes altres ciutats italianes, per\u00f2 Ven\u00e8cia ens va donar una cosa \u00fanica, ens va donar l\u2019 oportunitat de perdre\u2019ns entre els seus carrerons i, allunyats de les multituds, anar descobrint petits trossos d\u2019hist\u00f2ria i tradici\u00f3. El que m\u00e9s ens va sorprendre van ser els seus \u2018bacari\u2019. Petits restaurants humils, allunyats de les zones tur\u00edstiques, on els venecians de veritat passen l\u2019estona xerrant, menjant platets de gastronomia tradicional i bevent copes de vi de la terra.[\/vc_column_text][\/vc_column][\/vc_row][vc_row full_width=&#8221;stretch_row_content_no_spaces&#8221; css=&#8221;.vc_custom_1526911428047{padding-top: 100px !important;}&#8221; el_class=&#8221;ws-container-fluid&#8221;][vc_column width=&#8221;1\/2&#8243; css=&#8221;.vc_custom_1526911496516{padding-right: 30px !important;}&#8221;][vc_single_image image=&#8221;486&#8243; img_size=&#8221;full&#8221; alignment=&#8221;center&#8221;][\/vc_column][vc_column width=&#8221;1\/2&#8243; css=&#8221;.vc_custom_1526911499754{padding-left: 30px !important;}&#8221;][vc_single_image image=&#8221;488&#8243; img_size=&#8221;full&#8221; alignment=&#8221;center&#8221;][\/vc_column][\/vc_row][vc_row full_width=&#8221;stretch_row_content_no_spaces&#8221; content_placement=&#8221;middle&#8221; css=&#8221;.vc_custom_1526911662514{padding-top: 100px !important;padding-bottom: 100px !important;}&#8221; el_class=&#8221;ws-container-fluid&#8221;][vc_column width=&#8221;5\/12&#8243; css=&#8221;.vc_custom_1526911456823{padding-right: 60px !important;}&#8221;][vc_empty_space height=&#8221;30px&#8221;][vc_column_text el_class=&#8221;ws-text-block&#8221;]<\/p>\n<div class=\"wpb_text_column wpb_content_element ws-text-block\">\n<div class=\"wpb_wrapper\">\n<p>Des d\u2019aleshores, viatjar a Ven\u00e8cia s\u2019ha convertit en una addicci\u00f3, i ha marcat el nostre estil de vida. Aix\u00ed doncs, pels venecians i per nosaltres, aquestes petites tavernes s\u2019han transformat en espais d\u2019oci tan imprescindibles , que el fet d\u2019anar-hi es pren com una activitat social. Ells mateixos en diuen \u2018andare a bacari\u2019 i \u00e9s curi\u00f3s veure com cadascun d\u2019ells \u00e9s diferent a la resta, ja que adquireix una atmosfera genu\u00efna i especial, degut en gran mesura al seu patr\u00f3 i als seus clients.<\/p>\n<p>Normalment, aquests establiments se situaven a prop dels mercats i servien per aixoplugar, i sobretot donar beguda, als comerciants venecians. Ara s\u00f3n punt de trobada obligada d\u2019amics, que despr\u00e9s de la seva jornada, es refugien dels carrers abarrotats, i com a bons italians, discuteixen sobre gaireb\u00e9 tot, mentre mengen i beuen.<\/p>\n<\/div>\n<\/div>\n<p>[\/vc_column_text][vc_empty_space height=&#8221;50px&#8221;][\/vc_column][vc_column width=&#8221;7\/12&#8243; offset=&#8221;vc_col-lg-offset-0 vc_col-md-offset-0 vc_col-sm-offset-0&#8243;][vc_single_image image=&#8221;484&#8243; img_size=&#8221;full&#8221; alignment=&#8221;right&#8221;][\/vc_column][\/vc_row][vc_row][vc_column width=&#8221;5\/6&#8243; offset=&#8221;vc_col-lg-offset-1 vc_col-md-offset-1 vc_col-sm-offset-1&#8243;][vc_column_text el_class=&#8221;ws-text-block&#8221;]<\/p>\n<p style=\"text-align: center;\">En quant a la tradici\u00f3 gastron\u00f2mica, els platets que trobem als \u2018bacari\u2019 solen ser d\u2019elaboraci\u00f3 for\u00e7a senzilla, on el producte \u00e9s el protagonista, i la preparaci\u00f3 \u00e9s nom\u00e9s la justa per real\u00e7ar el seu sabor natural. Des del seu origen, aquestes tavernes venecianes es prove\u00efen d\u2019aliments dels mercats propers, aix\u00ed doncs, entre les seves especialitats predominen les verdures de temporada, cultivades en camps plens de salnitre, embotits tradicionals i els peixos de la llacuna, de caracter\u00edstiques molt especials.<\/p>\n<p>[\/vc_column_text][vc_empty_space height=&#8221;40px&#8221;][\/vc_column][\/vc_row][vc_row][vc_column width=&#8221;5\/6&#8243; offset=&#8221;vc_col-lg-offset-1 vc_col-md-offset-1 vc_col-sm-offset-1&#8243;][vc_column_text el_class=&#8221;ws-text-block&#8221;]<\/p>\n<p style=\"text-align: center;\"><strong>Els nostres preferits:<\/strong><\/p>\n<p style=\"text-align: center;\">All\u2019Arco (Calle dell\u2019Occchialer, San Polo 436)<\/p>\n<p style=\"text-align: center;\">Al Merc\u00e0 (Campo Bella Vienna, San Polo 213)<\/p>\n<p style=\"text-align: center;\">Alla Ciurma (Calle Galiazza, San Polo 406)<\/p>\n<p style=\"text-align: center;\">Cantina Do Mori (Calle dei Do Mori, San Polo 429)<\/p>\n<p style=\"text-align: center;\">Cantinone Gi\u00e0 Schiavi (Fondamenta Nani, Dorsoduro 992)<\/p>\n<p style=\"text-align: center;\">Enoteca Al Volto (Calle Cavalli, San Marco 4081)<\/p>\n<p style=\"text-align: center;\">Vino Vero (Fondamenta Misericordia, Cannaregio 2497)<\/p>\n<p style=\"text-align: center;\">Alla Vedova (Ramo Ca d\u2019Oro, Cannaregio 3192)<\/p>\n<p style=\"text-align: center;\">Baccareto da Lele (Campo dei Tolentini, Santa Croce 183)<\/p>\n<p>[\/vc_column_text][vc_separator color=&#8221;custom&#8221; el_width=&#8221;10&#8243; accent_color=&#8221;#212529&#8243; css=&#8221;.vc_custom_1526907172442{padding-top: 25px !important;padding-bottom: 25px !important;}&#8221;]<div class=\"ws-heading text-center ws-heading-dark\"><h5>Bronzo team<\/h5><\/div>[vc_empty_space height=&#8221;5px&#8221;][\/vc_column][\/vc_row]<\/p>\n","protected":false},"excerpt":{"rendered":"<p>[vc_row full_width=&#8221;stretch_row_content_no_spaces&#8221; content_placement=&#8221;middle&#8221; el_class=&#8221;ws-container-fluid&#8221;][vc_column width=&#8221;7\/12&#8243;][vc_single_image image=&#8221;482&#8243; img_size=&#8221;full&#8221;][\/vc_column][vc_column width=&#8221;5\/12&#8243; offset=&#8221;vc_col-lg-offset-0 vc_col-md-offset-0 vc_col-sm-offset-0&#8243; css=&#8221;.vc_custom_1526911440172{padding-left: 60px !important;}&#8221;][vc_empty_space height=&#8221;30px&#8221;][vc_column_text el_class=&#8221;ws-text-block&#8221;]El nostre amor per Ven\u00e8cia va comen\u00e7ar ja fa uns quants anys quan, de for\u00e7a joves, vam visitar la ciutat per primera vegada. All\u00e0, de seguida, ens vam adonar que era especial. Realment ens agraden moltes altres ciutats italianes, per\u00f2 [&hellip;]<\/p>\n","protected":false},"author":1,"featured_media":0,"parent":528,"menu_order":0,"comment_status":"closed","ping_status":"closed","template":"template-image-page.php","meta":{"footnotes":""},"class_list":["post-543","page","type-page","status-publish","hentry"],"_links":{"self":[{"href":"https:\/\/bronzo.es\/ca\/wp-json\/wp\/v2\/pages\/543","targetHints":{"allow":["GET"]}}],"collection":[{"href":"https:\/\/bronzo.es\/ca\/wp-json\/wp\/v2\/pages"}],"about":[{"href":"https:\/\/bronzo.es\/ca\/wp-json\/wp\/v2\/types\/page"}],"author":[{"embeddable":true,"href":"https:\/\/bronzo.es\/ca\/wp-json\/wp\/v2\/users\/1"}],"replies":[{"embeddable":true,"href":"https:\/\/bronzo.es\/ca\/wp-json\/wp\/v2\/comments?post=543"}],"version-history":[{"count":3,"href":"https:\/\/bronzo.es\/ca\/wp-json\/wp\/v2\/pages\/543\/revisions"}],"predecessor-version":[{"id":700,"href":"https:\/\/bronzo.es\/ca\/wp-json\/wp\/v2\/pages\/543\/revisions\/700"}],"up":[{"embeddable":true,"href":"https:\/\/bronzo.es\/ca\/wp-json\/wp\/v2\/pages\/528"}],"wp:attachment":[{"href":"https:\/\/bronzo.es\/ca\/wp-json\/wp\/v2\/media?parent=543"}],"curies":[{"name":"wp","href":"https:\/\/api.w.org\/{rel}","templated":true}]}}